{"id":7,"date":"2013-01-06T23:01:03","date_gmt":"2013-01-06T21:01:03","guid":{"rendered":"http:\/\/www.raffaela-reiss.de\/wordpress\/?page_id=7"},"modified":"2025-06-17T07:11:11","modified_gmt":"2025-06-17T05:11:11","slug":"herzlich-willkommen","status":"publish","type":"page","link":"https:\/\/www.raffaela-reiss.de\/","title":{"rendered":"Herzlich Willkommen!"},"content":{"rendered":"\n<p><\/p>\n\n\n\n<p><\/p>\n\n\n\n<div class=\"wp-block-media-text is-stacked-on-mobile\" style=\"grid-template-columns:29% auto\"><figure class=\"wp-block-media-text__media\"><img data-recalc-dims=\"1\" loading=\"lazy\" decoding=\"async\" width=\"620\" height=\"827\" data-attachment-id=\"290\" data-permalink=\"https:\/\/www.raffaela-reiss.de\/?attachment_id=290\" data-orig-file=\"https:\/\/i0.wp.com\/www.raffaela-reiss.de\/wp-content\/uploads\/2025\/06\/Raffaela-farb-1-1-edited-1.jpg?fit=818%2C1091&amp;ssl=1\" data-orig-size=\"818,1091\" data-comments-opened=\"0\" data-image-meta=\"{&quot;aperture&quot;:&quot;0&quot;,&quot;credit&quot;:&quot;&quot;,&quot;camera&quot;:&quot;&quot;,&quot;caption&quot;:&quot;&quot;,&quot;created_timestamp&quot;:&quot;1599921245&quot;,&quot;copyright&quot;:&quot;&quot;,&quot;focal_length&quot;:&quot;0&quot;,&quot;iso&quot;:&quot;0&quot;,&quot;shutter_speed&quot;:&quot;0&quot;,&quot;title&quot;:&quot;&quot;,&quot;orientation&quot;:&quot;1&quot;}\" data-image-title=\"Raffaela farb 1\" data-image-description=\"\" data-image-caption=\"\" data-large-file=\"https:\/\/i0.wp.com\/www.raffaela-reiss.de\/wp-content\/uploads\/2025\/06\/Raffaela-farb-1-1-edited-1.jpg?fit=620%2C827&amp;ssl=1\" src=\"https:\/\/i0.wp.com\/www.raffaela-reiss.de\/wp-content\/uploads\/2025\/06\/Raffaela-farb-1-1-edited-1.jpg?resize=620%2C827&#038;ssl=1\" alt=\"\" class=\"wp-image-290 size-full\" srcset=\"https:\/\/i0.wp.com\/www.raffaela-reiss.de\/wp-content\/uploads\/2025\/06\/Raffaela-farb-1-1-edited-1.jpg?w=818&amp;ssl=1 818w, https:\/\/i0.wp.com\/www.raffaela-reiss.de\/wp-content\/uploads\/2025\/06\/Raffaela-farb-1-1-edited-1.jpg?resize=225%2C300&amp;ssl=1 225w, https:\/\/i0.wp.com\/www.raffaela-reiss.de\/wp-content\/uploads\/2025\/06\/Raffaela-farb-1-1-edited-1.jpg?resize=768%2C1024&amp;ssl=1 768w\" sizes=\"auto, (max-width: 620px) 100vw, 620px\" \/><\/figure><div class=\"wp-block-media-text__content\">\n<p class=\"has-medium-font-size\"><strong>Wenn Sie mein Angebot nutzen m\u00f6chten, freue ich mich \u00fcber eine pers\u00f6nliche Kontaktaufnahme:<\/strong><\/p>\n\n\n\n<p class=\"has-medium-font-size\"><strong>praxis@raffaela-reiss.de<\/strong><\/p>\n\n\n\n<p class=\"has-medium-font-size\"><strong>oder<\/strong><\/p>\n\n\n\n<p class=\"has-medium-font-size\"><strong>+49 151 2818 1755<\/strong><\/p>\n<\/div><\/div>\n\n\n\n<h3 class=\"wp-block-heading\"><\/h3>\n\n\n\n<p><\/p>\n","protected":false},"excerpt":{"rendered":"<p>Wenn Sie mein Angebot nutzen m\u00f6chten, freue ich mich \u00fcber eine pers\u00f6nliche Kontaktaufnahme: praxis@raffaela-reiss.de oder +49 151 2818 1755<\/p>\n","protected":false},"author":1,"featured_media":0,"parent":0,"menu_order":0,"comment_status":"closed","ping_status":"closed","template":"full-width-page.php","meta":{"footnotes":""},"class_list":["post-7","page","type-page","status-publish","hentry"],"jetpack_shortlink":"https:\/\/wp.me\/P32vdo-7","jetpack_sharing_enabled":false,"_links":{"self":[{"href":"https:\/\/www.raffaela-reiss.de\/index.php?rest_route=\/wp\/v2\/pages\/7","targetHints":{"allow":["GET"]}}],"collection":[{"href":"https:\/\/www.raffaela-reiss.de\/index.php?rest_route=\/wp\/v2\/pages"}],"about":[{"href":"https:\/\/www.raffaela-reiss.de\/index.php?rest_route=\/wp\/v2\/types\/page"}],"author":[{"embeddable":true,"href":"https:\/\/www.raffaela-reiss.de\/index.php?rest_route=\/wp\/v2\/users\/1"}],"replies":[{"embeddable":true,"href":"https:\/\/www.raffaela-reiss.de\/index.php?rest_route=%2Fwp%2Fv2%2Fcomments&post=7"}],"version-history":[{"count":24,"href":"https:\/\/www.raffaela-reiss.de\/index.php?rest_route=\/wp\/v2\/pages\/7\/revisions"}],"predecessor-version":[{"id":294,"href":"https:\/\/www.raffaela-reiss.de\/index.php?rest_route=\/wp\/v2\/pages\/7\/revisions\/294"}],"wp:attachment":[{"href":"https:\/\/www.raffaela-reiss.de\/index.php?rest_route=%2Fwp%2Fv2%2Fmedia&parent=7"}],"curies":[{"name":"wp","href":"https:\/\/api.w.org\/{rel}","templated":true}]}}