{"id":5,"date":"2013-01-06T23:02:15","date_gmt":"2013-01-06T21:02:15","guid":{"rendered":"http:\/\/www.raffaela-reiss.de\/wordpress\/?page_id=5"},"modified":"2023-02-09T00:21:04","modified_gmt":"2023-02-08T22:21:04","slug":"impressum","status":"publish","type":"page","link":"https:\/\/www.raffaela-reiss.de\/?page_id=5","title":{"rendered":"Impressum"},"content":{"rendered":"<p><strong>Raffaela Rei\u00df<\/strong><\/p>\n<p>Neckarweg 14<\/p>\n<p>34131 Kassel Germany<\/p>\n<p>Telefon: +49 151 zwei 818 175 f\u00fcnf<\/p>\n<p>Umsatzsteuer-ID: 026 860 04123<\/p>\n<p><strong>praxis \u00a0(at) raffaela-reiss.de<\/strong><\/p>\n<p><strong>www.raffaela-reiss.de<br \/>\n<\/strong><\/p>\n<p>S\u00e4mtliche Informationen auf diesen Webseiten sind urheberrechtlich gesch\u00fctzt. Das Kopieren sowie die Verarbeitung, Ver\u00e4nderung und\/oder entgeltliche Weitergabe dieser Informationen sind nur mit ausdr\u00fccklicher schriftlicher Genehmigung von Raffaela Rei\u00df zul\u00e4ssig. Diese Informationen dienen allein Ihrer Information und enthalten keinerlei verbindliche Gew\u00e4hrleistungen oder Zusicherungen. Sie unterliegen dem Vorbehalt der jederzeitigen \u00c4nderung. Aufgrund dieser Unverbindlichkeit ist jede Haftung f\u00fcr die Richtigkeit der Informationen ausgeschlossen.<\/p>\n<div>\n<p><strong><br \/>\nHaftungshinweis<\/strong><br \/>\nAuf diesen Webseiten finden Sie auch Verkn\u00fcpfungen (Links) zu anderen Webseiten, die teilweise nicht von mir, sondern von Dritten betrieben werden. Diese Verkn\u00fcpfungen dienen nur der n\u00e4heren Veranschaulichung. Ich mache mir die Inhalte dieser Webseiten nicht zu eigen und bin f\u00fcr deren Inhalt auch nicht verantwortlich. Diese fremden Webseiten k\u00f6nnen wie meine Webseiten urheberrechtlich gesch\u00fctzt sein. Die Nutzung meiner Webseiten erfolgt in Ihrer alleinigen Verantwortung. Meine Haftung f\u00fcr jegliche Sch\u00e4den, die sich aus der Nutzung der Webseiten ergeben, insbesondere Betriebsunterbrechung, entgangener Gewinn, Verlust von Informationen und Daten oder Mangelfolgesch\u00e4den, ist ausgeschlossen.<\/p>\n<p><strong>Google Analytics<br \/>\n<\/strong>Diese Website benutzt Google Analytics, einen Webanalysedienst\u00a0der Google Inc. (\u201eGoogle\u201c) Google Analytics\u00a0verwendet sog. \u201eCookies\u201c, Textdateien, die auf Ihrem Computer gespeichert werden und die eine Analyse der Benutzung der Website durch Sie erm\u00f6glicht. Die durch den Cookie erzeugten Informationen \u00fcber Ihre Benutzung diese Website (einschlie\u00dflich Ihrer IP-Adresse) wird an einen Server von Google in den USA \u00fcbertragen und dort gespeichert. Google wird diese Informationen benutzen, um Ihre Nutzung der Website auszuwerten, um Reports \u00fcber die Websiteaktivit\u00e4ten\u00a0f\u00fcr die Websitebetreiber\u00a0zusammenzustellen und um weitere mit der Websitenutzung\u00a0und der Internetnutzung\u00a0verbundene Dienstleistungen zu erbringen. Auch wird Google diese Informationen gegebenenfalls an Dritte \u00fcbertragen, sofern dies gesetzlich vorgeschrieben oder soweit Dritte diese Daten im Auftrag von Google verarbeiten. Google wird in keinem Fall Ihre IP-Adresse mit anderen Daten der Google in Verbindung bringen. Sie k\u00f6nnen die Installation der Cookies durch eine entsprechende Einstellung Ihrer Browser Software verhindern; wir weisen Sie jedoch darauf hin, dass Sie in diesem Fall gegebenenfalls nicht s\u00e4mtliche Funktionen dieser Website voll umf\u00e4nglich nutzen k\u00f6nnen. Durch die Nutzung dieser Website erkl\u00e4ren Sie sich mit der Bearbeitung der \u00fcber Sie erhobenen Daten durch Google in der zuvor beschriebenen Art und Weise und zu dem zuvor benannten Zweck einverstanden. Der Datenerhebung und -speicherung kann jederzeit mit Wirkung f\u00fcr die Zukunft\u00a0<a href=\"http:\/\/tools.google.com\/dlpage\/gaoptout?hl=de\" target=\"_blank\" rel=\"noopener noreferrer\">widersprochen werden<\/a>. Angesichts der Diskussion um den Einsatz von Analysetools\u00a0mit vollst\u00e4ndigen IP-Adressen m\u00f6chten wir darauf hinweisen, dass diese Website Google Analytics\u00a0mit der Erweiterung \u201e_anonymizeIp()\u201c verwendet und daher IP-Adressen nur gek\u00fcrzt weiterverarbeitet werden, um eine direkte Personenbeziehbarkeit auszuschlie\u00dfen.<\/p>\n<\/div>\n","protected":false},"excerpt":{"rendered":"<p>Raffaela Rei\u00df Neckarweg 14 34131 Kassel Germany Telefon: +49 151 zwei 818 175 f\u00fcnf Umsatzsteuer-ID: 026 860 04123 praxis \u00a0(at) raffaela-reiss.de www.raffaela-reiss.de S\u00e4mtliche Informationen auf diesen Webseiten sind urheberrechtlich gesch\u00fctzt. Das Kopieren sowie die Verarbeitung, Ver\u00e4nderung und\/oder entgeltliche Weitergabe dieser &hellip; <a href=\"https:\/\/www.raffaela-reiss.de\/?page_id=5\">Weiterlesen <span class=\"meta-nav\">&rarr;<\/span><\/a><\/p>\n","protected":false},"author":1,"featured_media":0,"parent":0,"menu_order":0,"comment_status":"closed","ping_status":"closed","template":"full-width-page.php","meta":{"footnotes":""},"class_list":["post-5","page","type-page","status-publish","hentry"],"jetpack_shortlink":"https:\/\/wp.me\/P32vdo-5","jetpack_sharing_enabled":false,"_links":{"self":[{"href":"https:\/\/www.raffaela-reiss.de\/index.php?rest_route=\/wp\/v2\/pages\/5","targetHints":{"allow":["GET"]}}],"collection":[{"href":"https:\/\/www.raffaela-reiss.de\/index.php?rest_route=\/wp\/v2\/pages"}],"about":[{"href":"https:\/\/www.raffaela-reiss.de\/index.php?rest_route=\/wp\/v2\/types\/page"}],"author":[{"embeddable":true,"href":"https:\/\/www.raffaela-reiss.de\/index.php?rest_route=\/wp\/v2\/users\/1"}],"replies":[{"embeddable":true,"href":"https:\/\/www.raffaela-reiss.de\/index.php?rest_route=%2Fwp%2Fv2%2Fcomments&post=5"}],"version-history":[{"count":16,"href":"https:\/\/www.raffaela-reiss.de\/index.php?rest_route=\/wp\/v2\/pages\/5\/revisions"}],"predecessor-version":[{"id":258,"href":"https:\/\/www.raffaela-reiss.de\/index.php?rest_route=\/wp\/v2\/pages\/5\/revisions\/258"}],"wp:attachment":[{"href":"https:\/\/www.raffaela-reiss.de\/index.php?rest_route=%2Fwp%2Fv2%2Fmedia&parent=5"}],"curies":[{"name":"wp","href":"https:\/\/api.w.org\/{rel}","templated":true}]}}